{"id":5833,"date":"2024-10-01T13:48:26","date_gmt":"2024-10-01T11:48:26","guid":{"rendered":"https:\/\/precognox.com\/web-akadalymentessegitt-az-alkalmas-ido\/"},"modified":"2024-11-12T15:45:00","modified_gmt":"2024-11-12T13:45:00","slug":"web-akadalymentessegitt-az-alkalmas-ido","status":"publish","type":"page","link":"https:\/\/precognox.com\/hu\/web-akadalymentessegitt-az-alkalmas-ido\/","title":{"rendered":"Web-akad\u00e1lymentess\u00e9g:<br>Itt az alkalmas id\u0151!"},"content":{"rendered":"","protected":false},"excerpt":{"rendered":"","protected":false},"author":4,"featured_media":5802,"parent":0,"menu_order":0,"comment_status":"closed","ping_status":"closed","template":"","meta":{"_acf_changed":false,"footnotes":""},"class_list":["post-5833","page","type-page","status-publish","has-post-thumbnail","hentry"],"acf":[],"_links":{"self":[{"href":"https:\/\/precognox.com\/hu\/wp-json\/wp\/v2\/pages\/5833","targetHints":{"allow":["GET"]}}],"collection":[{"href":"https:\/\/precognox.com\/hu\/wp-json\/wp\/v2\/pages"}],"about":[{"href":"https:\/\/precognox.com\/hu\/wp-json\/wp\/v2\/types\/page"}],"author":[{"embeddable":true,"href":"https:\/\/precognox.com\/hu\/wp-json\/wp\/v2\/users\/4"}],"replies":[{"embeddable":true,"href":"https:\/\/precognox.com\/hu\/wp-json\/wp\/v2\/comments?post=5833"}],"version-history":[{"count":5,"href":"https:\/\/precognox.com\/hu\/wp-json\/wp\/v2\/pages\/5833\/revisions"}],"predecessor-version":[{"id":9374,"href":"https:\/\/precognox.com\/hu\/wp-json\/wp\/v2\/pages\/5833\/revisions\/9374"}],"wp:featuredmedia":[{"embeddable":true,"href":"https:\/\/precognox.com\/hu\/wp-json\/wp\/v2\/media\/5802"}],"wp:attachment":[{"href":"https:\/\/precognox.com\/hu\/wp-json\/wp\/v2\/media?parent=5833"}],"curies":[{"name":"wp","href":"https:\/\/api.w.org\/{rel}","templated":true}]}}