{"id":1141,"date":"2024-03-27T15:46:38","date_gmt":"2024-03-27T13:46:38","guid":{"rendered":"https:\/\/precognox.com\/tanusitvanyaink-dijaink\/"},"modified":"2026-04-17T13:55:49","modified_gmt":"2026-04-17T11:55:49","slug":"tanusitvanyaink-dijaink","status":"publish","type":"page","link":"https:\/\/precognox.com\/hu\/tanusitvanyaink-dijaink\/","title":{"rendered":"Tan\u00fas\u00edtv\u00e1nyaink, D\u00edjaink"},"content":{"rendered":"","protected":false},"excerpt":{"rendered":"","protected":false},"author":1,"featured_media":952,"parent":0,"menu_order":0,"comment_status":"closed","ping_status":"closed","template":"","meta":{"_acf_changed":false,"footnotes":""},"class_list":["post-1141","page","type-page","status-publish","has-post-thumbnail","hentry"],"acf":[],"_links":{"self":[{"href":"https:\/\/precognox.com\/hu\/wp-json\/wp\/v2\/pages\/1141","targetHints":{"allow":["GET"]}}],"collection":[{"href":"https:\/\/precognox.com\/hu\/wp-json\/wp\/v2\/pages"}],"about":[{"href":"https:\/\/precognox.com\/hu\/wp-json\/wp\/v2\/types\/page"}],"author":[{"embeddable":true,"href":"https:\/\/precognox.com\/hu\/wp-json\/wp\/v2\/users\/1"}],"replies":[{"embeddable":true,"href":"https:\/\/precognox.com\/hu\/wp-json\/wp\/v2\/comments?post=1141"}],"version-history":[{"count":9,"href":"https:\/\/precognox.com\/hu\/wp-json\/wp\/v2\/pages\/1141\/revisions"}],"predecessor-version":[{"id":10592,"href":"https:\/\/precognox.com\/hu\/wp-json\/wp\/v2\/pages\/1141\/revisions\/10592"}],"wp:featuredmedia":[{"embeddable":true,"href":"https:\/\/precognox.com\/hu\/wp-json\/wp\/v2\/media\/952"}],"wp:attachment":[{"href":"https:\/\/precognox.com\/hu\/wp-json\/wp\/v2\/media?parent=1141"}],"curies":[{"name":"wp","href":"https:\/\/api.w.org\/{rel}","templated":true}]}}